{"id":2874,"date":"2013-10-24T18:13:07","date_gmt":"2013-10-24T17:13:07","guid":{"rendered":"http:\/\/www.bitterernst.at\/wp\/?page_id=2874"},"modified":"2025-04-12T19:04:41","modified_gmt":"2025-04-12T18:04:41","slug":"referenzliste-gruendungsbegleitung","status":"publish","type":"page","link":"https:\/\/www.bitterernst.at\/wp\/referenzen\/referenzliste-gruendungsbegleitung\/","title":{"rendered":"Referenzliste Gr\u00fcndungsbegleitung"},"content":{"rendered":"<p>Erfolgreiche Gr\u00fcndungsbegleitungen:<\/p>\n<ul>\n<li><em>2020 Vor-MILA &#8211; Verein zur Vorbereitung eines partizipativen Supermarkts, Wien.at<br \/>\n<\/em><\/li>\n<li><em>2015 Herein &#8211; Verein zur Unterst\u00fctzung von Integration, Wien.at<br \/>\n<\/em><\/li>\n<li><em><a href=\"http:\/\/www.schnitter.in\">2011 Vereinigung von Sensenlehrenden Schnitter.in, Wien.at <\/a><\/em><\/li>\n<li><em><a href=\"http:\/\/www.jenaplangymnasium.de\/\">2008 Jenaplan-Gymnasium eG, N\u00fcrnberg.de<\/a><\/em><\/li>\n<li><em> <a href=\"http:\/\/www.veb-kunstahl.de\/\">2006 VEB Kunstahl e.V., Metallverarbeitung, N\u00fcrnberg.de<\/a><\/em><\/li>\n<li><em> <a href=\"https:\/\/arthefact.wordpress.com\/\">2000 arthefact &#8211; Bildungsmanufaktur &#8211; e.V., N\u00fcrnberg.de<\/a><\/em><\/li>\n<li><em> 1993 Das Ei &#8211; Theaterp\u00e4dagogisches Zentrum Bayern, N\u00fcrnberg.de<\/em><\/li>\n<li><em> <a href=\"http:\/\/www.freie-theater-bayern.de\">1991 Verband Freie Darstellende K\u00fcnste Bayern e.V., M\u00fcnchen.de<\/a><\/em><\/li>\n<li><em> <a href=\"http:\/\/www.freie-theater.de\">1990 Bundesverband Freier Theater, Deutschland.de<\/a><\/em><\/li>\n<li><em> 1990 Fr\u00e4nkische Assoziation Freier Theater, N\u00fcrnberg.de<\/em><\/li>\n<li><em> 1988 Zusammenschluss N\u00fcrnberger Freier Theater, N\u00fcrnberg.de<\/em><\/li>\n<li><em> <a href=\"http:\/\/www.theater-pfuetze.de\">1986 Theater Pf\u00fctze, N\u00fcrnberg.de<\/a><\/em><\/li>\n<li><em> <a href=\"http:\/\/www.thevo.de\">1982 Theater thevo, N\u00fcrnberg.de<\/a><\/em><\/li>\n<li><em> <a href=\"http:\/\/www.theater-mummpitz.de\">1981 Theater Mummpitz, N\u00fcrnberg.de<\/a><\/em><\/li>\n<li><em> 1981 Luise e.V. Kultur-Festivals-Events, N\u00fcrnberg.de<\/em><\/li>\n<li><em> 1980 Die Gr\u00fcnen, Deutschland.de<\/em><\/li>\n<li><em> 1980 Verein zur F\u00f6rderung von Kultur und Kommunikation e.V., N\u00fcrnberg.de<\/em><\/li>\n<li><em> 1978 Kabarett Die Kl\u00e4ranlage, N\u00fcrnberg.de <\/em><\/li>\n<\/ul>\n","protected":false},"excerpt":{"rendered":"<p>Erfolgreiche Gr\u00fcndungsbegleitungen: 2020 Vor-MILA &#8211; Verein zur Vorbereitung eines partizipativen Supermarkts, Wien.at 2015 Herein &#8211; Verein zur Unterst\u00fctzung von Integration, Wien.at 2011 Vereinigung von Sensenlehrenden Schnitter.in, Wien.at 2008 Jenaplan-Gymnasium eG, N\u00fcrnberg.de 2006 VEB Kunstahl e.V., Metallverarbeitung, N\u00fcrnberg.de 2000 arthefact &#8211; &hellip; <a href=\"https:\/\/www.bitterernst.at\/wp\/referenzen\/referenzliste-gruendungsbegleitung\/\">Weiterlesen <span class=\"meta-nav\">&rarr;<\/span><\/a><\/p>\n","protected":false},"author":3,"featured_media":0,"parent":6,"menu_order":4,"comment_status":"open","ping_status":"open","template":"","meta":{"footnotes":""},"class_list":["post-2874","page","type-page","status-publish","hentry"],"_links":{"self":[{"href":"https:\/\/www.bitterernst.at\/wp\/wp-json\/wp\/v2\/pages\/2874","targetHints":{"allow":["GET"]}}],"collection":[{"href":"https:\/\/www.bitterernst.at\/wp\/wp-json\/wp\/v2\/pages"}],"about":[{"href":"https:\/\/www.bitterernst.at\/wp\/wp-json\/wp\/v2\/types\/page"}],"author":[{"embeddable":true,"href":"https:\/\/www.bitterernst.at\/wp\/wp-json\/wp\/v2\/users\/3"}],"replies":[{"embeddable":true,"href":"https:\/\/www.bitterernst.at\/wp\/wp-json\/wp\/v2\/comments?post=2874"}],"version-history":[{"count":24,"href":"https:\/\/www.bitterernst.at\/wp\/wp-json\/wp\/v2\/pages\/2874\/revisions"}],"predecessor-version":[{"id":8414,"href":"https:\/\/www.bitterernst.at\/wp\/wp-json\/wp\/v2\/pages\/2874\/revisions\/8414"}],"up":[{"embeddable":true,"href":"https:\/\/www.bitterernst.at\/wp\/wp-json\/wp\/v2\/pages\/6"}],"wp:attachment":[{"href":"https:\/\/www.bitterernst.at\/wp\/wp-json\/wp\/v2\/media?parent=2874"}],"curies":[{"name":"wp","href":"https:\/\/api.w.org\/{rel}","templated":true}]}}