{"id":2595,"date":"2013-09-04T11:48:54","date_gmt":"2013-09-04T10:48:54","guid":{"rendered":"http:\/\/www.bitterernst.at\/wp\/?page_id=2595"},"modified":"2022-03-03T11:54:17","modified_gmt":"2022-03-03T10:54:17","slug":"tanfolyamok_projektek-kiserete","status":"publish","type":"page","link":"https:\/\/www.bitterernst.at\/wp\/unternehmensberatung\/supervision\/szupervizio\/tanfolyamok_projektek-kiserete\/","title":{"rendered":"Tanfolyamok | Projektek k\u00eds\u00e9rete"},"content":{"rendered":"<p style=\"text-align: justify;\"><span style=\"color: #800000;\"><strong>anfolyamok | projektek k\u00eds\u00e9rete<\/strong><\/span><br \/>\nA mindennapi munk\u00e1ban sok minden elidegenedik t\u0151l\u00fcnk. Gyakran nem tudjuk cselekedeteinket megfigyelni \u00e9s azok eredm\u00e9nyeit nyomon k\u00f6vetni. Ennek kellemetlen k\u00f6vetkezm\u00e9nyei lehetnek a k\u00f6rnyezet\u00fcnkre n\u00e9zve (koll\u00e9g\u00e1inkra, a term\u00e9szetre, a F\u00f6ldre n\u00e9zve egyar\u00e1nt).<br \/>\nA <strong><span style=\"color: #800000;\">bitterernst.at<\/span><\/strong> tanfolyamai seg\u00edts\u00e9g\u00e9vel az anyagot \u00e9s az ahhoz sz\u00fcks\u00e9ges munkaeszk\u00f6z\u00f6ket \u00f6nmaga veszi k\u00e9zbe. Minden pillanatban k\u00f6vetni tudja saj\u00e1t cselekedeteit \u00e9s azt, hogy ezek hova vezetnek.<\/p>\n<p>P\u00e9ld\u00e1ul:<\/p>\n<ul>\n<li><strong><a href=\"http:\/\/www.bitterernst.at\/wp\/unternehmensberatung\/supervision\/szupervizio\/kaszaval-kaszalni\/\">Tanulok kasz\u00e1val kasz\u00e1lni. <\/a><\/strong><em><a href=\"http:\/\/sensenkurs.wordpress.com\/alle-kurse\">Olvasson err\u0151l n\u00e9met nyelven.<\/a><\/em><a href=\"http:\/\/www.bitterernst.at\/wp\/wp-content\/uploads\/2013\/09\/sensen_event.jpg\"><img loading=\"lazy\" decoding=\"async\" class=\"aligncenter size-full wp-image-2654\" src=\"http:\/\/www.bitterernst.at\/wp\/wp-content\/uploads\/2013\/09\/sensen_event.jpg\" alt=\"kaszaval kaszalni\" width=\"710\" height=\"323\" srcset=\"https:\/\/www.bitterernst.at\/wp\/wp-content\/uploads\/2013\/09\/sensen_event.jpg 710w, https:\/\/www.bitterernst.at\/wp\/wp-content\/uploads\/2013\/09\/sensen_event-300x136.jpg 300w, https:\/\/www.bitterernst.at\/wp\/wp-content\/uploads\/2013\/09\/sensen_event-500x227.jpg 500w\" sizes=\"auto, (max-width: 710px) 100vw, 710px\" \/><\/a><\/li>\n<li>Haj\u00f3t \u00e9p\u00edtek \u2013 m\u00e1sokkal egy\u00fctt, akik saj\u00e1t haj\u00f3jukat \u00e9p\u00edtik.<a href=\"http:\/\/www.bitterernst.at\/wp\/wp-content\/uploads\/2013\/08\/hajot_epitek.jpg\"><img loading=\"lazy\" decoding=\"async\" class=\"aligncenter size-full wp-image-2658\" src=\"http:\/\/www.bitterernst.at\/wp\/wp-content\/uploads\/2013\/08\/hajot_epitek.jpg\" alt=\"Foto: Thomas Gr\u00f6gler\" width=\"710\" height=\"211\" srcset=\"https:\/\/www.bitterernst.at\/wp\/wp-content\/uploads\/2013\/08\/hajot_epitek.jpg 710w, https:\/\/www.bitterernst.at\/wp\/wp-content\/uploads\/2013\/08\/hajot_epitek-300x89.jpg 300w, https:\/\/www.bitterernst.at\/wp\/wp-content\/uploads\/2013\/08\/hajot_epitek-500x148.jpg 500w\" sizes=\"auto, (max-width: 710px) 100vw, 710px\" \/><\/a><\/li>\n<li>Sz\u00e9ket k\u00e9sz\u00edtek \u2013 m\u00e1sokkal egy\u00fctt, akik saj\u00e1t sz\u00e9k\u00fcket k\u00e9sz\u00edtik.<a href=\"http:\/\/www.bitterernst.at\/wp\/wp-content\/uploads\/2013\/09\/szeket_keszitek.jpg\"><img loading=\"lazy\" decoding=\"async\" class=\"aligncenter size-full wp-image-2662\" src=\"http:\/\/www.bitterernst.at\/wp\/wp-content\/uploads\/2013\/09\/szeket_keszitek.jpg\" alt=\"Foto: Thomas Gr\u00f6gler\" width=\"709\" height=\"305\" srcset=\"https:\/\/www.bitterernst.at\/wp\/wp-content\/uploads\/2013\/09\/szeket_keszitek.jpg 709w, https:\/\/www.bitterernst.at\/wp\/wp-content\/uploads\/2013\/09\/szeket_keszitek-300x129.jpg 300w, https:\/\/www.bitterernst.at\/wp\/wp-content\/uploads\/2013\/09\/szeket_keszitek-500x215.jpg 500w\" sizes=\"auto, (max-width: 709px) 100vw, 709px\" \/><\/a><\/li>\n<li>Elmondom a t\u00f6rt\u00e9netem sz\u00ednj\u00e1tsz\u00e1s \u00e9s dalok seg\u00edts\u00e9g\u00e9vel \u2013 m\u00e1sokkal egy\u00fctt. Olvasson err\u0151l n\u00e9met nyelven. Olvasson err\u0151l angol nyelven. Olvasson err\u0151l francia nyelven.<\/li>\n<\/ul>\n","protected":false},"excerpt":{"rendered":"<p>anfolyamok | projektek k\u00eds\u00e9rete A mindennapi munk\u00e1ban sok minden elidegenedik t\u0151l\u00fcnk. Gyakran nem tudjuk cselekedeteinket megfigyelni \u00e9s azok eredm\u00e9nyeit nyomon k\u00f6vetni. Ennek kellemetlen k\u00f6vetkezm\u00e9nyei lehetnek a k\u00f6rnyezet\u00fcnkre n\u00e9zve (koll\u00e9g\u00e1inkra, a term\u00e9szetre, a F\u00f6ldre n\u00e9zve egyar\u00e1nt). A bitterernst.at tanfolyamai seg\u00edts\u00e9g\u00e9vel az &hellip; <a href=\"https:\/\/www.bitterernst.at\/wp\/unternehmensberatung\/supervision\/szupervizio\/tanfolyamok_projektek-kiserete\/\">Weiterlesen <span class=\"meta-nav\">&rarr;<\/span><\/a><\/p>\n","protected":false},"author":3,"featured_media":0,"parent":2517,"menu_order":0,"comment_status":"open","ping_status":"open","template":"","meta":{"footnotes":""},"class_list":["post-2595","page","type-page","status-publish","hentry"],"_links":{"self":[{"href":"https:\/\/www.bitterernst.at\/wp\/wp-json\/wp\/v2\/pages\/2595","targetHints":{"allow":["GET"]}}],"collection":[{"href":"https:\/\/www.bitterernst.at\/wp\/wp-json\/wp\/v2\/pages"}],"about":[{"href":"https:\/\/www.bitterernst.at\/wp\/wp-json\/wp\/v2\/types\/page"}],"author":[{"embeddable":true,"href":"https:\/\/www.bitterernst.at\/wp\/wp-json\/wp\/v2\/users\/3"}],"replies":[{"embeddable":true,"href":"https:\/\/www.bitterernst.at\/wp\/wp-json\/wp\/v2\/comments?post=2595"}],"version-history":[{"count":30,"href":"https:\/\/www.bitterernst.at\/wp\/wp-json\/wp\/v2\/pages\/2595\/revisions"}],"predecessor-version":[{"id":7438,"href":"https:\/\/www.bitterernst.at\/wp\/wp-json\/wp\/v2\/pages\/2595\/revisions\/7438"}],"up":[{"embeddable":true,"href":"https:\/\/www.bitterernst.at\/wp\/wp-json\/wp\/v2\/pages\/2517"}],"wp:attachment":[{"href":"https:\/\/www.bitterernst.at\/wp\/wp-json\/wp\/v2\/media?parent=2595"}],"curies":[{"name":"wp","href":"https:\/\/api.w.org\/{rel}","templated":true}]}}