{"id":1972,"date":"2013-01-10T10:04:05","date_gmt":"2013-01-10T09:04:05","guid":{"rendered":"http:\/\/www.bitterernst.at\/wp\/?page_id=1972"},"modified":"2016-02-15T16:11:59","modified_gmt":"2016-02-15T15:11:59","slug":"eine-welt-villa","status":"publish","type":"page","link":"https:\/\/www.bitterernst.at\/wp\/unternehmungsbegleitung-performative-kunst\/eine-welt-villa\/","title":{"rendered":"EINE-WELT-VILLA"},"content":{"rendered":"<div id=\"attachment_1968\" style=\"width: 310px\" class=\"wp-caption alignright\"><img loading=\"lazy\" decoding=\"async\" aria-describedby=\"caption-attachment-1968\" class=\"size-medium wp-image-1968\" title=\"eineweltvilla\" src=\"http:\/\/www.bitterernst.at\/wp\/wp-content\/uploads\/2013\/01\/eineweltvilla-300x225.jpg\" alt=\"Die EINE-WELT-VILLA im Herbst 2012.\" width=\"300\" height=\"225\" srcset=\"https:\/\/www.bitterernst.at\/wp\/wp-content\/uploads\/2013\/01\/eineweltvilla-300x225.jpg 300w, https:\/\/www.bitterernst.at\/wp\/wp-content\/uploads\/2013\/01\/eineweltvilla.jpg 400w\" sizes=\"auto, (max-width: 300px) 100vw, 300px\" \/><p id=\"caption-attachment-1968\" class=\"wp-caption-text\">EINEWELTVILLA<\/p><\/div>\n<p style=\"text-align: justify;\">Die EINE-WELT-VILLA ist ein partizipatives Kunst-Projekt des K\u00fcnstlers Stuff. Auf einem verlassenen Grundst\u00fcck in der Stadt wurde unter \u00f6kologischen und sozialen Kriterien (<a href=\"http:\/\/www.bitterernst.at\/wp\/eineweltvilla\/\">siehe Interview<\/a>) eine Wohnst\u00e4tte errichtet. Zentral ist dabei die Frage nach der artgerechten Haltung von Menschen. <span style=\"color: #000000;\">Haltung nat\u00fcrlich im Sinne von innerer Haltung.<\/span> &#8222;Bei einem n\u00e4chtlichen Besuch des Wiener Tiergartens wurde uns erz\u00e4hlt, dass Tiger nicht mehr ihre Schlafpl\u00e4tze verlassen wenn die Temperatur dort eine bestimmte H\u00f6he erreicht hat. Und wenn die Tiger dann auch noch mit Futter bedient werden, nehmen sie an Gewicht zu und sind f\u00fcr die G\u00e4ste [des Tiergartens] nur mehr schlafend wahrzunehmen. Sie stellen sogar ihre Sexualit\u00e4t ein. &#8211; Wer Tiger zeigen m\u00f6chte muss darauf achten, dass die Temperaturen und die Futterangebote das Tier in Bewegung halten. Das ist artgerecht und erm\u00f6glicht den Kontakt mit der Umwelt. &#8211; Was bedeutet diese Erkenntnis f\u00fcr uns Menschen? Wenn wir unseren inneren Tiger zeigen wollen, darf es uns nicht zu feist werden? Welcher unserer aktuellen Wohn-Standards wurde uns von einer verkaufsgeilen Produktwerbung aufgeschw\u00e4tzt? Was davon ist Tradition? Was sind meine Bed\u00fcrfnisse? Um das herauszufinden kann die EINE-WELT-VILLA als Erfahrungsraum im normalen Alltag von TeilnehmerINNEn bewohnt werden.&#8220; <strong><span style=\"color: #800000;\">Kontakt und Anmeldung \u00fcber einen Kommentar auf dieser Seite.<\/span><\/strong><\/p>\n<p><img loading=\"lazy\" decoding=\"async\" class=\"alignright size-full wp-image-1967\" title=\"eineweltvilla_b0\" src=\"http:\/\/www.bitterernst.at\/wp\/wp-content\/uploads\/2013\/01\/eineweltvilla_b0.jpg\" alt=\"Die EINEWELTVILLA vom Wohnzimmer aus gesehen.\" width=\"250\" height=\"188\" \/><img loading=\"lazy\" decoding=\"async\" class=\"alignright size-full wp-image-1971\" title=\"eineweltvilla_b1\" src=\"http:\/\/www.bitterernst.at\/wp\/wp-content\/uploads\/2013\/01\/eineweltvilla_b1.jpg\" alt=\"Die EINEWELTVILLA vom Schlafzimmer aus gesehen.\" width=\"250\" height=\"188\" \/><img loading=\"lazy\" decoding=\"async\" class=\"alignright size-full wp-image-1969\" title=\"eineweltvilla_b3\" src=\"http:\/\/www.bitterernst.at\/wp\/wp-content\/uploads\/2013\/01\/eineweltvilla_b3.jpg\" alt=\"D\u00e4mmung \u00fcber Bilder-Fenster einsehbar.\" width=\"250\" height=\"188\" \/><img loading=\"lazy\" decoding=\"async\" class=\"alignright size-full wp-image-1970\" title=\"eineweltvilla_b2\" src=\"http:\/\/www.bitterernst.at\/wp\/wp-content\/uploads\/2013\/01\/eineweltvilla_b2.jpg\" alt=\"D\u00e4mmung beim Einbau.\" width=\"250\" height=\"188\" \/><br \/>\nGebaut wurde die EINE-WELT-VILLA aus recycelten Materialien auf aktuellem technischen Stand.<\/p>\n<div id=\"attachment_1966\" style=\"width: 135px\" class=\"wp-caption alignright\"><a href=\"http:\/\/www.bitterernst.at\/wp\/wp-content\/uploads\/2013\/01\/herr_stuff.jpg\"><img loading=\"lazy\" decoding=\"async\" aria-describedby=\"caption-attachment-1966\" class=\"size-full wp-image-1966\" title=\"herr_stuff\" src=\"http:\/\/www.bitterernst.at\/wp\/wp-content\/uploads\/2013\/01\/herr_stuff.jpg\" alt=\"Port\u00e4t des Herrn Stuff\" width=\"125\" height=\"193\" \/><\/a><p id=\"caption-attachment-1966\" class=\"wp-caption-text\">Herr Stuff<\/p><\/div>\n<p><strong><a href=\"http:\/\/www.bitterernst.at\/wp\/eine-welt-haus\/\">Von September bis Mitte Oktober 2015 bauen Jugendliche in F\u00fcrth mit Stuff Klier ihr Eine-Welt-Haus.<\/a><\/strong><\/p>\n<p><strong><a href=\"http:\/\/www.bitterernst.at\/wp\/eineweltvilla\/\">Hier ein Interview mit Herrn Stuff vom Dezember 2012.<\/a><\/strong><\/p>\n<p><strong><a href=\"http:\/\/www.bitterernst.at\/wp\/eineweltvilla-gostenhofer-ateliertage\/\">Im Oktober 2013 wurde die Eine-Welt-Villa in N\u00fcrnberg \/ Deutschland einer interessierten \u00d6ffentlichkeit vorgestellt.<\/a><\/strong><\/p>\n<p style=\"text-align: justify;\"><em>Ein spannender Kontrastpunkt hierzu ist der internationale <strong><a href=\"http:\/\/www.bitterernst.at\/wp\/oesterreich-solar-decathlon\/\">Wettbewerb f\u00fcr Solar-Fertig-H\u00e4user<\/a><\/strong> in Irvine \/ Californien vom 3. &#8211; 13. Oktober 2013, mit <\/em><em><em>real gebauten Modellh\u00e4usern nach <\/em>studentischen Entw\u00fcrfen. Siegerin 2013: LISI aus \u00d6sterreich.<br \/>\n<\/em><\/p>\n<p style=\"text-align: justify;\"><em>Weitere interessante Projekte mit einer befreundeten Perspektive auf die Welt: <a href=\"http:\/\/www.earthship-tempelhof.de\/\">Earthship Tempelhof<\/a> und <a href=\"http:\/\/grandhotel-cosmopolis.org\/de\/\">Grandhotel Cosmopolis<\/a><br \/>\n<\/em><\/p>\n<p>Die EINE-WELT-VILLA hat jetzt auch ihre eigene Webseite<strong> <a href=\"http:\/\/www.eineweltvilla.de\/\">hier<\/a><\/strong>.<\/p>\n<h1>Kommentare:<\/h1>\n<div id=\"attachment_3890\" style=\"width: 910px\" class=\"wp-caption aligncenter\"><a href=\"http:\/\/www.bitterernst.at\/wp\/wp-content\/uploads\/2013\/01\/srassenkreuzer1113k.jpg\"><img loading=\"lazy\" decoding=\"async\" aria-describedby=\"caption-attachment-3890\" class=\"size-full wp-image-3890\" src=\"http:\/\/www.bitterernst.at\/wp\/wp-content\/uploads\/2013\/01\/srassenkreuzer1113k.jpg\" alt=\"Strassenkreuzer Wohnen 2013\" width=\"900\" height=\"1319\" srcset=\"https:\/\/www.bitterernst.at\/wp\/wp-content\/uploads\/2013\/01\/srassenkreuzer1113k.jpg 900w, https:\/\/www.bitterernst.at\/wp\/wp-content\/uploads\/2013\/01\/srassenkreuzer1113k-204x300.jpg 204w, https:\/\/www.bitterernst.at\/wp\/wp-content\/uploads\/2013\/01\/srassenkreuzer1113k-698x1024.jpg 698w\" sizes=\"auto, (max-width: 900px) 100vw, 900px\" \/><\/a><p id=\"caption-attachment-3890\" class=\"wp-caption-text\">Medienbericht 2013<\/p><\/div>\n","protected":false},"excerpt":{"rendered":"<p>Die EINE-WELT-VILLA ist ein partizipatives Kunst-Projekt des K\u00fcnstlers Stuff. Auf einem verlassenen Grundst\u00fcck in der Stadt wurde unter \u00f6kologischen und sozialen Kriterien (siehe Interview) eine Wohnst\u00e4tte errichtet. Zentral ist dabei die Frage nach der artgerechten Haltung von Menschen. Haltung nat\u00fcrlich &hellip; <a href=\"https:\/\/www.bitterernst.at\/wp\/unternehmungsbegleitung-performative-kunst\/eine-welt-villa\/\">Weiterlesen <span class=\"meta-nav\">&rarr;<\/span><\/a><\/p>\n","protected":false},"author":3,"featured_media":0,"parent":26,"menu_order":2,"comment_status":"open","ping_status":"open","template":"","meta":{"footnotes":""},"class_list":["post-1972","page","type-page","status-publish","hentry"],"_links":{"self":[{"href":"https:\/\/www.bitterernst.at\/wp\/wp-json\/wp\/v2\/pages\/1972","targetHints":{"allow":["GET"]}}],"collection":[{"href":"https:\/\/www.bitterernst.at\/wp\/wp-json\/wp\/v2\/pages"}],"about":[{"href":"https:\/\/www.bitterernst.at\/wp\/wp-json\/wp\/v2\/types\/page"}],"author":[{"embeddable":true,"href":"https:\/\/www.bitterernst.at\/wp\/wp-json\/wp\/v2\/users\/3"}],"replies":[{"embeddable":true,"href":"https:\/\/www.bitterernst.at\/wp\/wp-json\/wp\/v2\/comments?post=1972"}],"version-history":[{"count":49,"href":"https:\/\/www.bitterernst.at\/wp\/wp-json\/wp\/v2\/pages\/1972\/revisions"}],"predecessor-version":[{"id":4587,"href":"https:\/\/www.bitterernst.at\/wp\/wp-json\/wp\/v2\/pages\/1972\/revisions\/4587"}],"up":[{"embeddable":true,"href":"https:\/\/www.bitterernst.at\/wp\/wp-json\/wp\/v2\/pages\/26"}],"wp:attachment":[{"href":"https:\/\/www.bitterernst.at\/wp\/wp-json\/wp\/v2\/media?parent=1972"}],"curies":[{"name":"wp","href":"https:\/\/api.w.org\/{rel}","templated":true}]}}